{"id":2,"date":"2017-10-06T17:10:07","date_gmt":"2017-10-06T17:10:07","guid":{"rendered":"http:\/\/kmaa.at\/?page_id=2"},"modified":"2023-02-21T11:18:44","modified_gmt":"2023-02-21T10:18:44","slug":"willkommen","status":"publish","type":"page","link":"https:\/\/www.kmaa.at\/index.php\/willkommen\/","title":{"rendered":"Willkommen"},"content":{"rendered":"<p>Die Kukkiwon Masters Association Austria ist eine Vereinigung der \u00f6sterreichischen Taekwondo Meister, die eine Kukkiwon Trainer- oder Pr\u00fcferlizenz haben. Das Kukkiwon ist die Weltzentrale des Taekwondo in Korea und zust\u00e4ndig f\u00fcr die technischen Vorgaben des Taekwondo sowie f\u00fcr alle Danurkunden weltweit.<\/p>\n<p>Die ordentlichen Mitglieder der KMAA besitzen mindestens den 4. Dan, meist sind sie noch h\u00f6her graduiert und bilden die Elite des Taekwondo in \u00d6sterreich. Um eine Kukkiwon Trainer- oder Pr\u00fcferlizenz zu bekommen muss man die entsprechenden internationalen Ausbildungskurse besuchen, die in regelm\u00e4\u00dfigen Abst\u00e4nden von den Spitzentrainern des Kukkiwon abgehalten werden. Dar\u00fcber hinaus wollen wir allgemein die sportlichen und kulturellen Kontakte zwischen Korea und \u00d6sterreich f\u00f6rdern und ausbauen.<\/p>\n<p>Das Ziel der Kukkiwon Masters Association Austria ist es, intensive Kontakte zum Kukkiwon zu unterhalten und Informationen \u00fcber Veranstaltungen und Fortbildungskurse allen Interessenten zug\u00e4nglich zu machen.Die KMAA ist eine eigenst\u00e4ndige Organisation, wird jedoch vom \u00d6sterreichischen Taekwondo Verband unterst\u00fctzt und sieht sich als Erg\u00e4nzung dazu.<\/p>\n<p>In diesem Sinne: Willkommen auf den Infoseiten der KMAA!<\/p>\n","protected":false},"excerpt":{"rendered":"<p>Die Kukkiwon Masters Association Austria ist eine Vereinigung der \u00f6sterreichischen Taekwondo Meister, die eine Kukkiwon Trainer- oder Pr\u00fcferlizenz haben. Das Kukkiwon ist die Weltzentrale des Taekwondo in Korea und zust\u00e4ndig f\u00fcr die technischen Vorgaben des Taekwondo sowie f\u00fcr alle Danurkunden <a class=\"more-link\" href=\"https:\/\/www.kmaa.at\/index.php\/willkommen\/\">Read More &#8230;<\/a><\/p>\n","protected":false},"author":1,"featured_media":0,"parent":0,"menu_order":0,"comment_status":"closed","ping_status":"closed","template":"","meta":{"footnotes":""},"class_list":["post-2","page","type-page","status-publish","hentry"],"_links":{"self":[{"href":"https:\/\/www.kmaa.at\/index.php\/wp-json\/wp\/v2\/pages\/2","targetHints":{"allow":["GET"]}}],"collection":[{"href":"https:\/\/www.kmaa.at\/index.php\/wp-json\/wp\/v2\/pages"}],"about":[{"href":"https:\/\/www.kmaa.at\/index.php\/wp-json\/wp\/v2\/types\/page"}],"author":[{"embeddable":true,"href":"https:\/\/www.kmaa.at\/index.php\/wp-json\/wp\/v2\/users\/1"}],"replies":[{"embeddable":true,"href":"https:\/\/www.kmaa.at\/index.php\/wp-json\/wp\/v2\/comments?post=2"}],"version-history":[{"count":2,"href":"https:\/\/www.kmaa.at\/index.php\/wp-json\/wp\/v2\/pages\/2\/revisions"}],"predecessor-version":[{"id":762,"href":"https:\/\/www.kmaa.at\/index.php\/wp-json\/wp\/v2\/pages\/2\/revisions\/762"}],"wp:attachment":[{"href":"https:\/\/www.kmaa.at\/index.php\/wp-json\/wp\/v2\/media?parent=2"}],"curies":[{"name":"wp","href":"https:\/\/api.w.org\/{rel}","templated":true}]}}