{"id":241,"date":"2018-09-23T10:19:02","date_gmt":"2018-09-23T10:19:02","guid":{"rendered":"http:\/\/kmaa.at\/?page_id=241"},"modified":"2018-09-23T10:36:18","modified_gmt":"2018-09-23T10:36:18","slug":"buchbestellung","status":"publish","type":"page","link":"https:\/\/www.kmaa.at\/index.php\/buchbestellung\/","title":{"rendered":"Buchbestellung &#8222;Silkroad 66&#8220;"},"content":{"rendered":"<p><img loading=\"lazy\" decoding=\"async\" class=\"alignnone size-medium wp-image-245\" src=\"https:\/\/www.kmaa.at\/wp-content\/uploads\/2018\/09\/Silkroad66Cover-300x204.jpg\" alt=\"\" width=\"300\" height=\"204\" srcset=\"https:\/\/www.kmaa.at\/wp-content\/uploads\/2018\/09\/Silkroad66Cover-300x204.jpg 300w, https:\/\/www.kmaa.at\/wp-content\/uploads\/2018\/09\/Silkroad66Cover-768x523.jpg 768w, https:\/\/www.kmaa.at\/wp-content\/uploads\/2018\/09\/Silkroad66Cover-1024x698.jpg 1024w, https:\/\/www.kmaa.at\/wp-content\/uploads\/2018\/09\/Silkroad66Cover.jpg 1280w\" sizes=\"auto, (max-width: 300px) 100vw, 300px\" \/><\/p>\n<div class=\"\">\n<h3>Das Buch<\/h3>\n<p>Die Reise geht von Wien aus durch siebzehn L\u00e4nder \u00fcber die legend\u00e4re Seidenstra\u00dfe und den Pamir Highway in die Mongolei und von dort weiter nach Korea. Die Vorbereitungen zu dieser Reise und deren abenteuerliche Durchf\u00fchrung samt allen Hindernissen und Anekdoten beschreibt dieses Buch. Es ist eine sehr pers\u00f6nliche und humorvolle Erz\u00e4hlung, die Lust macht auf das gro\u00dfe Abenteuer, f\u00fcr das es nie zu sp\u00e4t ist.<\/p>\n<\/div>\n<div class=\"\">Hiermit bestelle ich die unten angegebene Anzahl Exemplare des Buches &#8222;Silkroad 66&#8220; zum Vorverkaufspreis von \u20ac 19.90. (Sp\u00e4terer Verkaufspreis: \u20ac 25.-.Der Erscheinungstermin ist Oktober 2018, das Buch wird sofort nach dem Erscheinen an die angegebene Adresse versandt.<\/div>\n<p>&nbsp;<\/p>\n<div><\/div>\n<p>[contact-form-7 id=&#8220;221&#8243; title=&#8220;Contact form 1&#8243;]<\/p>\n","protected":false},"excerpt":{"rendered":"<p>Das Buch Die Reise geht von Wien aus durch siebzehn L\u00e4nder \u00fcber die legend\u00e4re Seidenstra\u00dfe und den Pamir Highway in die Mongolei und von dort weiter nach Korea. Die Vorbereitungen zu dieser Reise und deren abenteuerliche Durchf\u00fchrung samt allen Hindernissen <a class=\"more-link\" href=\"https:\/\/www.kmaa.at\/index.php\/buchbestellung\/\">Read More &#8230;<\/a><\/p>\n","protected":false},"author":1,"featured_media":0,"parent":0,"menu_order":0,"comment_status":"closed","ping_status":"closed","template":"","meta":{"footnotes":""},"class_list":["post-241","page","type-page","status-publish","hentry"],"_links":{"self":[{"href":"https:\/\/www.kmaa.at\/index.php\/wp-json\/wp\/v2\/pages\/241","targetHints":{"allow":["GET"]}}],"collection":[{"href":"https:\/\/www.kmaa.at\/index.php\/wp-json\/wp\/v2\/pages"}],"about":[{"href":"https:\/\/www.kmaa.at\/index.php\/wp-json\/wp\/v2\/types\/page"}],"author":[{"embeddable":true,"href":"https:\/\/www.kmaa.at\/index.php\/wp-json\/wp\/v2\/users\/1"}],"replies":[{"embeddable":true,"href":"https:\/\/www.kmaa.at\/index.php\/wp-json\/wp\/v2\/comments?post=241"}],"version-history":[{"count":8,"href":"https:\/\/www.kmaa.at\/index.php\/wp-json\/wp\/v2\/pages\/241\/revisions"}],"predecessor-version":[{"id":251,"href":"https:\/\/www.kmaa.at\/index.php\/wp-json\/wp\/v2\/pages\/241\/revisions\/251"}],"wp:attachment":[{"href":"https:\/\/www.kmaa.at\/index.php\/wp-json\/wp\/v2\/media?parent=241"}],"curies":[{"name":"wp","href":"https:\/\/api.w.org\/{rel}","templated":true}]}}