{"id":25,"date":"2017-10-06T21:33:51","date_gmt":"2017-10-06T21:33:51","guid":{"rendered":"http:\/\/kmaa.at\/?page_id=25"},"modified":"2017-12-10T08:35:40","modified_gmt":"2017-12-10T08:35:40","slug":"vorstand","status":"publish","type":"page","link":"https:\/\/www.kmaa.at\/index.php\/vorstand\/","title":{"rendered":"Vorstand"},"content":{"rendered":"<p>Die Kukkiwon Masters Association Austria wurde am 2. September 2017 gegr\u00fcndet. Der Vorstand setzt sich aus den folgenden Personen zusammen:<\/p>\n<p><strong>Ehrenpr\u00e4sidenten:<\/strong><br \/>\nGro\u00dfmeister Lee Kwang Bae, 9. Dan<br \/>\nGro\u00dfmeister Dr. Reza Zademohammad, 9. Dan<\/p>\n<p><strong>Pr\u00e4sident:<\/strong> Gro\u00dfmeister Dr. Norbert Mosch, 9. Dan<br \/>\n<strong>Generalsekret\u00e4r:<\/strong> Michael Willax, 6. Dan<br \/>\n<strong>Kassier:<\/strong> Gerhard Zach, 3. Dan<\/p>\n<p><strong>Rechnungspr\u00fcfer:<\/strong><br \/>\nMag. Stefan Artner, 2. Dan<br \/>\nJinmo Yang, 5. Dan<\/p>\n","protected":false},"excerpt":{"rendered":"<p>Die Kukkiwon Masters Association Austria wurde am 2. September 2017 gegr\u00fcndet. Der Vorstand setzt sich aus den folgenden Personen zusammen: Ehrenpr\u00e4sidenten: Gro\u00dfmeister Lee Kwang Bae, 9. Dan Gro\u00dfmeister Dr. Reza Zademohammad, 9. Dan Pr\u00e4sident: Gro\u00dfmeister Dr. Norbert Mosch, 9. Dan <a class=\"more-link\" href=\"https:\/\/www.kmaa.at\/index.php\/vorstand\/\">Read More &#8230;<\/a><\/p>\n","protected":false},"author":1,"featured_media":0,"parent":0,"menu_order":0,"comment_status":"closed","ping_status":"closed","template":"","meta":{"footnotes":""},"class_list":["post-25","page","type-page","status-publish","hentry"],"_links":{"self":[{"href":"https:\/\/www.kmaa.at\/index.php\/wp-json\/wp\/v2\/pages\/25","targetHints":{"allow":["GET"]}}],"collection":[{"href":"https:\/\/www.kmaa.at\/index.php\/wp-json\/wp\/v2\/pages"}],"about":[{"href":"https:\/\/www.kmaa.at\/index.php\/wp-json\/wp\/v2\/types\/page"}],"author":[{"embeddable":true,"href":"https:\/\/www.kmaa.at\/index.php\/wp-json\/wp\/v2\/users\/1"}],"replies":[{"embeddable":true,"href":"https:\/\/www.kmaa.at\/index.php\/wp-json\/wp\/v2\/comments?post=25"}],"version-history":[{"count":2,"href":"https:\/\/www.kmaa.at\/index.php\/wp-json\/wp\/v2\/pages\/25\/revisions"}],"predecessor-version":[{"id":93,"href":"https:\/\/www.kmaa.at\/index.php\/wp-json\/wp\/v2\/pages\/25\/revisions\/93"}],"wp:attachment":[{"href":"https:\/\/www.kmaa.at\/index.php\/wp-json\/wp\/v2\/media?parent=25"}],"curies":[{"name":"wp","href":"https:\/\/api.w.org\/{rel}","templated":true}]}}