{"id":29,"date":"2017-10-06T21:50:40","date_gmt":"2017-10-06T21:50:40","guid":{"rendered":"http:\/\/kmaa.at\/?page_id=29"},"modified":"2024-11-04T20:34:32","modified_gmt":"2024-11-04T19:34:32","slug":"kukkiwon-trainerlizenz","status":"publish","type":"page","link":"https:\/\/www.kmaa.at\/index.php\/kukkiwon-trainerlizenz\/","title":{"rendered":"Kukkiwon Trainerlizenz"},"content":{"rendered":"<p>F\u00fcr den Erhalt der Kukkiwon Trainerlizenz ist der Besuch eines offiziellen Masterkurses des Kukkiwon erforderlich. F\u00fcr die Lizenzerteilung ist mindestens der 4. Dan Taekwondo n\u00f6tig. Kurse werden in regelm\u00e4\u00dfigen Abst\u00e4nden vom Kukkiwon ausgeschrieben und finden entweder in Korea (im Kukkiwon in Seoul oder im Taekwondowon in Muju) oder au\u00dferhalb Koreas in verschiedenen L\u00e4ndern statt. Der jeweils aktuelle Kurs wird auch auf diesen Webseiten ver\u00f6ffentlicht. Masterkurse werden entweder f\u00fcr Koreaner oder f\u00fcr Nichtkoreaner ausgeschrieben. Im letzteren Fall ist die Unterrichtssprache Englisch.<\/p>\n<p>Ein Kukkiwon Masterkurs f\u00fcr Nichtkoreaner dauert jeweils etwa eine Woche und das Ausbildungs- und Trainingsprogramm ist intensiv. Meist werden von sechs Uhr morgens bis in die Abendstunden praktische Trainingsstunden und theoretische \u00dcbungsstunden abgehalten. Das Programm umfasst alle Bereiche des Taekwondo und viele Bereiche der Sportwissenschaft, der Trainingslehre, Philosophie und der Voraussetzungen zur F\u00fchrung einer Taekwondo-Schule. Am Ende des Kurses gibt es eine praktische und theoretische Pr\u00fcfung. Wer besteht, erh\u00e4lt die entsprechende Klasse der Lizenz.<\/p>\n<p>Kukkiwon Trainerlizenzen werden in drei Klassen ausgegeben: 3. Klasse, 2. Klasse und 1. Klasse. Die erste Klasse ist die h\u00f6chste Lizenz, daf\u00fcr ist mindestend der 8. Dan notwendig. F\u00fcr die 2. Klasse ben\u00f6tigt man mindestens den 6. Dan, f\u00fcr die 3. Klasse mindestens den 4. Dan.*)<\/p>\n<p>*) Die Qualifikationskriterien wurden 2024 versch\u00e4rft.<\/p>\n<p>Die Kukkiwon Trainerlizenz ist ein G\u00fctesiegel f\u00fcr den Ausbildungsstand des jeweiligen Trainers und belegt dass Taekwondo entsprechend den aktuellen Richtlinien des Kukkiwon gelehrt und weitergegeben wird.<\/p>\n","protected":false},"excerpt":{"rendered":"<p>F\u00fcr den Erhalt der Kukkiwon Trainerlizenz ist der Besuch eines offiziellen Masterkurses des Kukkiwon erforderlich. F\u00fcr die Lizenzerteilung ist mindestens der 4. Dan Taekwondo n\u00f6tig. Kurse werden in regelm\u00e4\u00dfigen Abst\u00e4nden vom Kukkiwon ausgeschrieben und finden entweder in Korea (im Kukkiwon <a class=\"more-link\" href=\"https:\/\/www.kmaa.at\/index.php\/kukkiwon-trainerlizenz\/\">Read More &#8230;<\/a><\/p>\n","protected":false},"author":1,"featured_media":0,"parent":0,"menu_order":0,"comment_status":"closed","ping_status":"closed","template":"","meta":{"footnotes":""},"class_list":["post-29","page","type-page","status-publish","hentry"],"_links":{"self":[{"href":"https:\/\/www.kmaa.at\/index.php\/wp-json\/wp\/v2\/pages\/29","targetHints":{"allow":["GET"]}}],"collection":[{"href":"https:\/\/www.kmaa.at\/index.php\/wp-json\/wp\/v2\/pages"}],"about":[{"href":"https:\/\/www.kmaa.at\/index.php\/wp-json\/wp\/v2\/types\/page"}],"author":[{"embeddable":true,"href":"https:\/\/www.kmaa.at\/index.php\/wp-json\/wp\/v2\/users\/1"}],"replies":[{"embeddable":true,"href":"https:\/\/www.kmaa.at\/index.php\/wp-json\/wp\/v2\/comments?post=29"}],"version-history":[{"count":3,"href":"https:\/\/www.kmaa.at\/index.php\/wp-json\/wp\/v2\/pages\/29\/revisions"}],"predecessor-version":[{"id":876,"href":"https:\/\/www.kmaa.at\/index.php\/wp-json\/wp\/v2\/pages\/29\/revisions\/876"}],"wp:attachment":[{"href":"https:\/\/www.kmaa.at\/index.php\/wp-json\/wp\/v2\/media?parent=29"}],"curies":[{"name":"wp","href":"https:\/\/api.w.org\/{rel}","templated":true}]}}