{"id":31,"date":"2017-10-06T22:07:06","date_gmt":"2017-10-06T22:07:06","guid":{"rendered":"http:\/\/kmaa.at\/?page_id=31"},"modified":"2024-11-04T20:31:03","modified_gmt":"2024-11-04T19:31:03","slug":"kukkiwon-pruferlizenz","status":"publish","type":"page","link":"https:\/\/www.kmaa.at\/index.php\/kukkiwon-pruferlizenz\/","title":{"rendered":"Kukkiwon Pr\u00fcferlizenz"},"content":{"rendered":"<p>Seit 2015 vergibt das Kukkiwon offizielle Pr\u00fcferlizenzen f\u00fcr Taekwondo. Kup- oder Sch\u00fclergrade sind Angelegenheit des nationalen Verbandes oder des jeweiligen Taekwondo-Clubs oder der -Schule, Dan- oder Meistergrade werden im Taekwondo jedoch im Kukkiwon zentral verwaltet. F\u00fcr die Erlangung eines Dangrades bestehen daher international g\u00fcltige Voraussetzungen, die auf der Homepage des Kukkiwon (<a href=\"http:\/\/www.kukkiwon.or.kr\/\">www.kukkiwon.or.kr<\/a>) ersichtlich sind.<\/p>\n<p>Im Ausland k\u00f6nnen Danpr\u00fcfungen entweder vom jeweiligen Mitgliedsverband des World Taekwondo (fr\u00fcher: WTF) oder von dazu berechtigten Pr\u00fcfern abgenommen werden. Um eine Kukkiwon-Pr\u00fcferlizenz zu bekommen muss man einen Pr\u00fcferkurs des Kukkiwons besuchen. Auch hier ist wieder eine Mindestgraduierung des 4. Dan Taekwondo n\u00f6tig. Kurse werden in regelm\u00e4\u00dfigen Abst\u00e4nden vom Kukkiwon ausgeschrieben. Der aktuelle Kurs wird auch auf diesen Webseiten ver\u00f6ffentlicht. Die Unterrichtssprache beim Pr\u00fcferkurs ist Englisch, es werden praktische (Taekwondo-Technik) und theoretische \u00dcbungsstunden (Geschichte, Philosophie, Pr\u00fcfungswesen) abgehalten. Der Kurs dauert 24 Stunden verteilt auf 3 Tage zu jeweils acht Stunden.<\/p>\n<p>Wer die praktische und theoretische Pr\u00fcfung am Ende des Kurses besteht erh\u00e4lt eine Kukkiwon-Pr\u00fcferlizenz*) in seiner jeweiligen Klasse. Es gibt drei Klassen: 3. Klasse, 2. Klasse und 1. Klasse. Pr\u00fcfer der dritten Klasse haben mindestens den 6. Dan und den Masterkurs 3. Klasse. Sie d\u00fcrfen Danpr\u00fcfungen bis zum 3. Dan abnehmen. Pr\u00fcfer der zweiten Klasse besitzen mindestens den 8. Dan und den Masterkurs 2. Klasse. Sie k\u00f6nnen bis zum 5. Dan pr\u00fcfen und nur die Pr\u00fcfer der ersten Klasse k\u00f6nnen bis inklusive 7. Dan pr\u00fcfen und haben selber mindestens den 8. Dan und den Masterkurs 1. Klasse. F\u00fcr den achten und neunten Dan muss die Pr\u00fcfung im Kukkiwon in Seoul vor einer Kommission abgelegt werden.<\/p>\n<p>Kukkiwon Danurkunden sind ein Beweis f\u00fcr die Qualit\u00e4t und das technische Verm\u00f6gen des Inhabers und sind eine Urkunde, die bei standardisierten Pr\u00fcfungen erworben werden muss.<\/p>\n<p>*) Die Qualifikationskriterien f\u00fcr Kukkiwon-Pr\u00fcfer wurden 2024 versch\u00e4rft.<\/p>\n","protected":false},"excerpt":{"rendered":"<p>Seit 2015 vergibt das Kukkiwon offizielle Pr\u00fcferlizenzen f\u00fcr Taekwondo. Kup- oder Sch\u00fclergrade sind Angelegenheit des nationalen Verbandes oder des jeweiligen Taekwondo-Clubs oder der -Schule, Dan- oder Meistergrade werden im Taekwondo jedoch im Kukkiwon zentral verwaltet. F\u00fcr die Erlangung eines Dangrades <a class=\"more-link\" href=\"https:\/\/www.kmaa.at\/index.php\/kukkiwon-pruferlizenz\/\">Read More &#8230;<\/a><\/p>\n","protected":false},"author":1,"featured_media":0,"parent":0,"menu_order":0,"comment_status":"closed","ping_status":"closed","template":"","meta":{"footnotes":""},"class_list":["post-31","page","type-page","status-publish","hentry"],"_links":{"self":[{"href":"https:\/\/www.kmaa.at\/index.php\/wp-json\/wp\/v2\/pages\/31","targetHints":{"allow":["GET"]}}],"collection":[{"href":"https:\/\/www.kmaa.at\/index.php\/wp-json\/wp\/v2\/pages"}],"about":[{"href":"https:\/\/www.kmaa.at\/index.php\/wp-json\/wp\/v2\/types\/page"}],"author":[{"embeddable":true,"href":"https:\/\/www.kmaa.at\/index.php\/wp-json\/wp\/v2\/users\/1"}],"replies":[{"embeddable":true,"href":"https:\/\/www.kmaa.at\/index.php\/wp-json\/wp\/v2\/comments?post=31"}],"version-history":[{"count":3,"href":"https:\/\/www.kmaa.at\/index.php\/wp-json\/wp\/v2\/pages\/31\/revisions"}],"predecessor-version":[{"id":874,"href":"https:\/\/www.kmaa.at\/index.php\/wp-json\/wp\/v2\/pages\/31\/revisions\/874"}],"wp:attachment":[{"href":"https:\/\/www.kmaa.at\/index.php\/wp-json\/wp\/v2\/media?parent=31"}],"curies":[{"name":"wp","href":"https:\/\/api.w.org\/{rel}","templated":true}]}}