{"id":47,"date":"2017-10-06T22:28:49","date_gmt":"2017-10-06T22:28:49","guid":{"rendered":"http:\/\/kmaa.at\/?page_id=47"},"modified":"2023-04-06T12:25:22","modified_gmt":"2023-04-06T10:25:22","slug":"hanmadang","status":"publish","type":"page","link":"https:\/\/www.kmaa.at\/index.php\/hanmadang\/","title":{"rendered":"Hanmadang"},"content":{"rendered":"<div id=\"attachment_48\" style=\"width: 310px\" class=\"wp-caption alignleft\"><img loading=\"lazy\" decoding=\"async\" aria-describedby=\"caption-attachment-48\" class=\"size-medium wp-image-48\" src=\"https:\/\/www.kmaa.at\/wp-content\/uploads\/2017\/10\/IMG_6198-300x200.jpg\" alt=\"\" width=\"300\" height=\"176\" \/><p id=\"caption-attachment-48\" class=\"wp-caption-text\">Hanmadang Taekwondo Festival<\/p><\/div>\n<p>Das Hanmadang Taekwondo Festival ist eine Taekwondo-Veranstaltung, welche die Aspekte der Kampfkunst Taekwondo betont. Es gibt keine sportlichen Vollkontaktk\u00e4mpfe, sondern Wettk\u00e4mpfe in verschiedenen Formenkategorien (Einzel- und Gruppenformen, Musikformen, Taekwondo Aerobics etc.), Bruchtestwettbewerbe in den Unterteilungen Kraftbruchtest und Rekordbruchtest und Team-Vorf\u00fchrungen. Im Bild ist ein Kraftbruchtest (Sidekick) auf in eine Haltemaschine eingespannte Bretter zu sehen. Die Anzahl der zerbrochenen Bretter entscheidet \u00fcber die Platzierung. Bei den Rekordbruchtests geht es um einen m\u00f6glichst hohen oder m\u00f6glichst weiten Sprung-Bruchtest. Team-Vorf\u00fchrungen bilden eine komplette Taekwondo-Vorf\u00fchrung mit verschiedenen Kategorien ab (Gruppen-Poomsae, Selbstverteidigung, Spezial-Bruchtests etc.).<\/p>\n<p>Das Hanmadang Festival ist eine Gro\u00dfveranstaltung mit mehreren tausend aktiven Teilnehmern. Bisher fand es fast ausnahmslos in Korea statt. Es gibt Bestrebungen, ein offizielles Hanmadang Festival auch au\u00dferhalb Koreas zu etablieren. Das Vienna Taekwondo Festival (seit 2014) ist eine davon.<\/p>\n<p>Das Kukkiwon ist bem\u00fcht, nationale Hanmadang Festivals in jedem Land durchzuf\u00fchren. Ab 2024 sollen diese dann als Qualifikationsbewerbe f\u00fcr das World Hanmadang in Korea gelten.<\/p>\n","protected":false},"excerpt":{"rendered":"<p>Das Hanmadang Taekwondo Festival ist eine Taekwondo-Veranstaltung, welche die Aspekte der Kampfkunst Taekwondo betont. Es gibt keine sportlichen Vollkontaktk\u00e4mpfe, sondern Wettk\u00e4mpfe in verschiedenen Formenkategorien (Einzel- und Gruppenformen, Musikformen, Taekwondo Aerobics etc.), Bruchtestwettbewerbe in den Unterteilungen Kraftbruchtest und Rekordbruchtest und Team-Vorf\u00fchrungen. <a class=\"more-link\" href=\"https:\/\/www.kmaa.at\/index.php\/hanmadang\/\">Read More &#8230;<\/a><\/p>\n","protected":false},"author":1,"featured_media":0,"parent":0,"menu_order":0,"comment_status":"closed","ping_status":"closed","template":"","meta":{"footnotes":""},"class_list":["post-47","page","type-page","status-publish","hentry"],"_links":{"self":[{"href":"https:\/\/www.kmaa.at\/index.php\/wp-json\/wp\/v2\/pages\/47","targetHints":{"allow":["GET"]}}],"collection":[{"href":"https:\/\/www.kmaa.at\/index.php\/wp-json\/wp\/v2\/pages"}],"about":[{"href":"https:\/\/www.kmaa.at\/index.php\/wp-json\/wp\/v2\/types\/page"}],"author":[{"embeddable":true,"href":"https:\/\/www.kmaa.at\/index.php\/wp-json\/wp\/v2\/users\/1"}],"replies":[{"embeddable":true,"href":"https:\/\/www.kmaa.at\/index.php\/wp-json\/wp\/v2\/comments?post=47"}],"version-history":[{"count":5,"href":"https:\/\/www.kmaa.at\/index.php\/wp-json\/wp\/v2\/pages\/47\/revisions"}],"predecessor-version":[{"id":794,"href":"https:\/\/www.kmaa.at\/index.php\/wp-json\/wp\/v2\/pages\/47\/revisions\/794"}],"wp:attachment":[{"href":"https:\/\/www.kmaa.at\/index.php\/wp-json\/wp\/v2\/media?parent=47"}],"curies":[{"name":"wp","href":"https:\/\/api.w.org\/{rel}","templated":true}]}}