{"id":60,"date":"2017-10-07T07:17:52","date_gmt":"2017-10-07T07:17:52","guid":{"rendered":"http:\/\/kmaa.at\/?page_id=60"},"modified":"2017-10-07T07:17:52","modified_gmt":"2017-10-07T07:17:52","slug":"kukkiwon-demoteam","status":"publish","type":"page","link":"https:\/\/www.kmaa.at\/index.php\/kukkiwon-demoteam\/","title":{"rendered":"Kukkiwon Demoteam"},"content":{"rendered":"<div id=\"attachment_61\" style=\"width: 310px\" class=\"wp-caption alignleft\"><img loading=\"lazy\" decoding=\"async\" aria-describedby=\"caption-attachment-61\" class=\"size-medium wp-image-61\" src=\"https:\/\/www.kmaa.at\/wp-content\/uploads\/2017\/10\/20160324_203242-300x169.jpg\" alt=\"\" width=\"300\" height=\"169\" srcset=\"https:\/\/www.kmaa.at\/wp-content\/uploads\/2017\/10\/20160324_203242-300x169.jpg 300w, https:\/\/www.kmaa.at\/wp-content\/uploads\/2017\/10\/20160324_203242-768x432.jpg 768w, https:\/\/www.kmaa.at\/wp-content\/uploads\/2017\/10\/20160324_203242-1024x576.jpg 1024w, https:\/\/www.kmaa.at\/wp-content\/uploads\/2017\/10\/20160324_203242-410x231.jpg 410w, https:\/\/www.kmaa.at\/wp-content\/uploads\/2017\/10\/20160324_203242-860x484.jpg 860w\" sizes=\"auto, (max-width: 300px) 100vw, 300px\" \/><p id=\"caption-attachment-61\" class=\"wp-caption-text\">Kukkiwon Demoteam<\/p><\/div>\n<p>Das Kukkiwon Demonstration Team ist das Aush\u00e4ngeschild des Kukkiwon und des Taekwondo. Es zeigt die Teilbereiche des Taekwondo auf h\u00f6chstem Niveau und ist H\u00f6hepunkt bei vielen nationalen und internationalen Veranstaltungen. Es besteht aus ca. 80 Personen, die in vier Gruppen zu jeweils etwa zwanzig Personen eingeteilt sind. Die Mitglieder des Team treffen sich regelm\u00e4\u00dfig im Kukkiwon um ihre speziellen Techniken und Fertigkeiten zu trainieren.<\/p>\n<p>Mehrmals im Jahr finden Auditions statt, bei denen talentierte Anw\u00e4rter f\u00fcr das Demoteam ausgew\u00e4hlt und aufgenommen werden. Meist sind es Studenten, die Sport mit dem Hauptfach Taekwondo studieren. Das Standardprogramm des Demoteams besteht aus den Einzelbereichen Gruppenpoomsae (Standard und frei), Selbstverteidigung und einer Vielzahl von artistischen Spezial-Bruchtests. Formen werden oft mit Musik und choreografischen Elementen ausgeschm\u00fcckt.<\/p>\n<p>Obwohl es in Korea viele Taekwondo-Demoteams (meist von den verschiedenen Universit\u00e4ten) gibt, die alle ein sehr hohes Niveau haben, \u00fcbertrifft das Kukkiwon Demonstrationsteam alle an Perfektion und Synchronisation. Es ist ein echtes Aush\u00e4ngeschild der Kampfkunst Taekwondo.<\/p>\n","protected":false},"excerpt":{"rendered":"<p>Das Kukkiwon Demonstration Team ist das Aush\u00e4ngeschild des Kukkiwon und des Taekwondo. Es zeigt die Teilbereiche des Taekwondo auf h\u00f6chstem Niveau und ist H\u00f6hepunkt bei vielen nationalen und internationalen Veranstaltungen. Es besteht aus ca. 80 Personen, die in vier Gruppen <a class=\"more-link\" href=\"https:\/\/www.kmaa.at\/index.php\/kukkiwon-demoteam\/\">Read More &#8230;<\/a><\/p>\n","protected":false},"author":1,"featured_media":0,"parent":0,"menu_order":0,"comment_status":"closed","ping_status":"closed","template":"","meta":{"footnotes":""},"class_list":["post-60","page","type-page","status-publish","hentry"],"_links":{"self":[{"href":"https:\/\/www.kmaa.at\/index.php\/wp-json\/wp\/v2\/pages\/60","targetHints":{"allow":["GET"]}}],"collection":[{"href":"https:\/\/www.kmaa.at\/index.php\/wp-json\/wp\/v2\/pages"}],"about":[{"href":"https:\/\/www.kmaa.at\/index.php\/wp-json\/wp\/v2\/types\/page"}],"author":[{"embeddable":true,"href":"https:\/\/www.kmaa.at\/index.php\/wp-json\/wp\/v2\/users\/1"}],"replies":[{"embeddable":true,"href":"https:\/\/www.kmaa.at\/index.php\/wp-json\/wp\/v2\/comments?post=60"}],"version-history":[{"count":1,"href":"https:\/\/www.kmaa.at\/index.php\/wp-json\/wp\/v2\/pages\/60\/revisions"}],"predecessor-version":[{"id":62,"href":"https:\/\/www.kmaa.at\/index.php\/wp-json\/wp\/v2\/pages\/60\/revisions\/62"}],"wp:attachment":[{"href":"https:\/\/www.kmaa.at\/index.php\/wp-json\/wp\/v2\/media?parent=60"}],"curies":[{"name":"wp","href":"https:\/\/api.w.org\/{rel}","templated":true}]}}