{"id":66,"date":"2017-10-07T07:36:00","date_gmt":"2017-10-07T07:36:00","guid":{"rendered":"http:\/\/kmaa.at\/?page_id=66"},"modified":"2017-10-07T07:36:00","modified_gmt":"2017-10-07T07:36:00","slug":"taekwondo-museum","status":"publish","type":"page","link":"https:\/\/www.kmaa.at\/index.php\/taekwondo-museum\/","title":{"rendered":"Taekwondo Museum"},"content":{"rendered":"<div id=\"attachment_67\" style=\"width: 310px\" class=\"wp-caption alignleft\"><img loading=\"lazy\" decoding=\"async\" aria-describedby=\"caption-attachment-67\" class=\"size-medium wp-image-67\" src=\"https:\/\/www.kmaa.at\/wp-content\/uploads\/2017\/10\/DSC_0003-300x201.jpg\" alt=\"\" width=\"300\" height=\"201\" srcset=\"https:\/\/www.kmaa.at\/wp-content\/uploads\/2017\/10\/DSC_0003-300x201.jpg 300w, https:\/\/www.kmaa.at\/wp-content\/uploads\/2017\/10\/DSC_0003-768x514.jpg 768w, https:\/\/www.kmaa.at\/wp-content\/uploads\/2017\/10\/DSC_0003-1024x685.jpg 1024w\" sizes=\"auto, (max-width: 300px) 100vw, 300px\" \/><p id=\"caption-attachment-67\" class=\"wp-caption-text\">Taekwondo Museum<\/p><\/div>\n<p>Das Taekwondo Museum befindet sich neben dem Hauptgeb\u00e4ude des Kukkiwon und zeigt Ausstellungsst\u00fccke aus den Entwicklungsjahren des Taekwondo. Es ist auf Anfrage w\u00e4hrend der \u00d6ffnungszeiten des Kukkiwon-B\u00fcros zug\u00e4nglich. Man findet darin Medaillen und Pokale der vergangenen internationalen Taekwondo-Gro\u00dfveranstaltungen, Fotos und Dokumente von wichtigen Ereignissen, historische Taekwondo-Uniformen und andere Ausr\u00fcstungsgegenst\u00e4nde und mehr.<\/p>\n<p>Der Eintritt in das Museum ist kostenlos, man muss sich aber im Kukkiwon-B\u00fcro anmelden.<\/p>\n","protected":false},"excerpt":{"rendered":"<p>Das Taekwondo Museum befindet sich neben dem Hauptgeb\u00e4ude des Kukkiwon und zeigt Ausstellungsst\u00fccke aus den Entwicklungsjahren des Taekwondo. Es ist auf Anfrage w\u00e4hrend der \u00d6ffnungszeiten des Kukkiwon-B\u00fcros zug\u00e4nglich. Man findet darin Medaillen und Pokale der vergangenen internationalen Taekwondo-Gro\u00dfveranstaltungen, Fotos und <a class=\"more-link\" href=\"https:\/\/www.kmaa.at\/index.php\/taekwondo-museum\/\">Read More &#8230;<\/a><\/p>\n","protected":false},"author":1,"featured_media":0,"parent":0,"menu_order":0,"comment_status":"closed","ping_status":"closed","template":"","meta":{"footnotes":""},"class_list":["post-66","page","type-page","status-publish","hentry"],"_links":{"self":[{"href":"https:\/\/www.kmaa.at\/index.php\/wp-json\/wp\/v2\/pages\/66","targetHints":{"allow":["GET"]}}],"collection":[{"href":"https:\/\/www.kmaa.at\/index.php\/wp-json\/wp\/v2\/pages"}],"about":[{"href":"https:\/\/www.kmaa.at\/index.php\/wp-json\/wp\/v2\/types\/page"}],"author":[{"embeddable":true,"href":"https:\/\/www.kmaa.at\/index.php\/wp-json\/wp\/v2\/users\/1"}],"replies":[{"embeddable":true,"href":"https:\/\/www.kmaa.at\/index.php\/wp-json\/wp\/v2\/comments?post=66"}],"version-history":[{"count":1,"href":"https:\/\/www.kmaa.at\/index.php\/wp-json\/wp\/v2\/pages\/66\/revisions"}],"predecessor-version":[{"id":68,"href":"https:\/\/www.kmaa.at\/index.php\/wp-json\/wp\/v2\/pages\/66\/revisions\/68"}],"wp:attachment":[{"href":"https:\/\/www.kmaa.at\/index.php\/wp-json\/wp\/v2\/media?parent=66"}],"curies":[{"name":"wp","href":"https:\/\/api.w.org\/{rel}","templated":true}]}}