{"id":69,"date":"2017-10-07T07:49:40","date_gmt":"2017-10-07T07:49:40","guid":{"rendered":"http:\/\/kmaa.at\/?page_id=69"},"modified":"2017-10-07T07:49:40","modified_gmt":"2017-10-07T07:49:40","slug":"world-taekwondo-academy","status":"publish","type":"page","link":"https:\/\/www.kmaa.at\/index.php\/world-taekwondo-academy\/","title":{"rendered":"World Taekwondo Academy"},"content":{"rendered":"<p><img class=\"align&lt;div class=\" \/><\/p>\n<div id=\"attachment_70\" style=\"width: 310px\" class=\"wp-caption alignleft\"><img loading=\"lazy\" decoding=\"async\" aria-describedby=\"caption-attachment-70\" class=\"size-medium wp-image-70\" src=\"https:\/\/www.kmaa.at\/wp-content\/uploads\/2017\/10\/KukkiwonMap-300x275.jpg\" alt=\"\" width=\"300\" height=\"275\" srcset=\"https:\/\/www.kmaa.at\/wp-content\/uploads\/2017\/10\/KukkiwonMap-300x275.jpg 300w, https:\/\/www.kmaa.at\/wp-content\/uploads\/2017\/10\/KukkiwonMap.jpg 738w\" sizes=\"auto, (max-width: 300px) 100vw, 300px\" \/><p id=\"caption-attachment-70\" class=\"wp-caption-text\">Kukkiwon B\u00fcros und Trainingsr\u00e4ume<\/p><\/div>\n<p>Die World Taekwondo Academy ist eine Abteilung des Kukkiwon und befasst sich explizit mit der Ausbildung von Taekwondo-Trainern und F\u00fchrungspers\u00f6nlichkeiten. In ihrem Aufgabenbereich liegt die Erstellung und Durchf\u00fchrung der Programme f\u00fcr Instruktoren, Coaches und Hanmadang-Referees sowie allgemein die Ausbildung von koreanischen Taekwondo-spezifischen Sportlehrern.<\/p>\n<p>Desweiteren beinhaltet sie auch ein Forschungsinstitut f\u00fcr Taekwondo, wo einerseits die technische Entwicklung des Taekwondo vorangetrieben wird (z.B. durch neue Formen) und andererseits die historische Entwicklung des Taekwondo dokumentiert wird.\u00a0Die Taekwondo Academy gibt auch ein Journal und verschiedene Textb\u00fccher \u00fcber Taekwondo heraus, die als Lehrb\u00fccher verwendet werden.<\/p>\n","protected":false},"excerpt":{"rendered":"<p>Die World Taekwondo Academy ist eine Abteilung des Kukkiwon und befasst sich explizit mit der Ausbildung von Taekwondo-Trainern und F\u00fchrungspers\u00f6nlichkeiten. In ihrem Aufgabenbereich liegt die Erstellung und Durchf\u00fchrung der Programme f\u00fcr Instruktoren, Coaches und Hanmadang-Referees sowie allgemein die Ausbildung von <a class=\"more-link\" href=\"https:\/\/www.kmaa.at\/index.php\/world-taekwondo-academy\/\">Read More &#8230;<\/a><\/p>\n","protected":false},"author":1,"featured_media":0,"parent":0,"menu_order":0,"comment_status":"closed","ping_status":"closed","template":"","meta":{"footnotes":""},"class_list":["post-69","page","type-page","status-publish","hentry"],"_links":{"self":[{"href":"https:\/\/www.kmaa.at\/index.php\/wp-json\/wp\/v2\/pages\/69","targetHints":{"allow":["GET"]}}],"collection":[{"href":"https:\/\/www.kmaa.at\/index.php\/wp-json\/wp\/v2\/pages"}],"about":[{"href":"https:\/\/www.kmaa.at\/index.php\/wp-json\/wp\/v2\/types\/page"}],"author":[{"embeddable":true,"href":"https:\/\/www.kmaa.at\/index.php\/wp-json\/wp\/v2\/users\/1"}],"replies":[{"embeddable":true,"href":"https:\/\/www.kmaa.at\/index.php\/wp-json\/wp\/v2\/comments?post=69"}],"version-history":[{"count":1,"href":"https:\/\/www.kmaa.at\/index.php\/wp-json\/wp\/v2\/pages\/69\/revisions"}],"predecessor-version":[{"id":71,"href":"https:\/\/www.kmaa.at\/index.php\/wp-json\/wp\/v2\/pages\/69\/revisions\/71"}],"wp:attachment":[{"href":"https:\/\/www.kmaa.at\/index.php\/wp-json\/wp\/v2\/media?parent=69"}],"curies":[{"name":"wp","href":"https:\/\/api.w.org\/{rel}","templated":true}]}}