{"id":72,"date":"2017-10-07T07:56:07","date_gmt":"2017-10-07T07:56:07","guid":{"rendered":"http:\/\/kmaa.at\/?page_id=72"},"modified":"2023-04-06T12:26:58","modified_gmt":"2023-04-06T10:26:58","slug":"kukkiwon-advisory-committee","status":"publish","type":"page","link":"https:\/\/www.kmaa.at\/index.php\/kukkiwon-advisory-committee\/","title":{"rendered":"Kukkiwon Advisory Committee"},"content":{"rendered":"<div id=\"attachment_73\" style=\"width: 310px\" class=\"wp-caption alignleft\"><img loading=\"lazy\" decoding=\"async\" aria-describedby=\"caption-attachment-73\" class=\"size-medium wp-image-73\" src=\"https:\/\/www.kmaa.at\/wp-content\/uploads\/2017\/10\/KukkiwonPresidentWeb-300x231.jpg\" alt=\"\" width=\"300\" height=\"231\" srcset=\"https:\/\/www.kmaa.at\/wp-content\/uploads\/2017\/10\/KukkiwonPresidentWeb-300x231.jpg 300w, https:\/\/www.kmaa.at\/wp-content\/uploads\/2017\/10\/KukkiwonPresidentWeb-768x592.jpg 768w, https:\/\/www.kmaa.at\/wp-content\/uploads\/2017\/10\/KukkiwonPresidentWeb-1024x790.jpg 1024w\" sizes=\"auto, (max-width: 300px) 100vw, 300px\" \/><p id=\"caption-attachment-73\" class=\"wp-caption-text\">Kukkiwon Advisory Committee Member Dr. Mosch mit dem damaligen Kukkiwon Pr\u00e4sidenten Dr. Oh Hyun Deuk<\/p><\/div>\n<p>Das Kukkiwon Advisory Committee besteht aus etwa einhundert internationalen Taekwondo-Gro\u00dfmeistern, die f\u00fcr diese Funktion ausgew\u00e4hlt und berufen wurden. Die Aufgabe des Advisory Committees ist die Beratung des Kukkiwon-Pr\u00e4sidenten in internationalen Angelegenheiten. Gleichzeitig dienen sie auch als Ansprechpersonen f\u00fcr etwaige internationalen Aktionen des Kukkiwon.<\/p>\n<p>Eine Mitgliedschaft im Advisory Committee dauert zwei Jahre und kann fallweise verl\u00e4ngert oder wiederholt werden. Aus \u00d6sterreich ist der Pr\u00e4sident der KMAA, Dr. Norbert Mosch, aktuelles Mitglied im Kukkiwon Advisory Committee.<\/p>\n<p>Video der Verleihungszeremonie:<br \/>\n<iframe loading=\"lazy\" src=\"https:\/\/www.youtube.com\/embed\/BiVsGL4ZoFE\" width=\"560\" height=\"315\" frameborder=\"0\" allowfullscreen=\"allowfullscreen\"><\/iframe><\/p>\n","protected":false},"excerpt":{"rendered":"<p>Das Kukkiwon Advisory Committee besteht aus etwa einhundert internationalen Taekwondo-Gro\u00dfmeistern, die f\u00fcr diese Funktion ausgew\u00e4hlt und berufen wurden. Die Aufgabe des Advisory Committees ist die Beratung des Kukkiwon-Pr\u00e4sidenten in internationalen Angelegenheiten. Gleichzeitig dienen sie auch als Ansprechpersonen f\u00fcr etwaige internationalen <a class=\"more-link\" href=\"https:\/\/www.kmaa.at\/index.php\/kukkiwon-advisory-committee\/\">Read More &#8230;<\/a><\/p>\n","protected":false},"author":1,"featured_media":0,"parent":0,"menu_order":0,"comment_status":"closed","ping_status":"closed","template":"","meta":{"footnotes":""},"class_list":["post-72","page","type-page","status-publish","hentry"],"_links":{"self":[{"href":"https:\/\/www.kmaa.at\/index.php\/wp-json\/wp\/v2\/pages\/72","targetHints":{"allow":["GET"]}}],"collection":[{"href":"https:\/\/www.kmaa.at\/index.php\/wp-json\/wp\/v2\/pages"}],"about":[{"href":"https:\/\/www.kmaa.at\/index.php\/wp-json\/wp\/v2\/types\/page"}],"author":[{"embeddable":true,"href":"https:\/\/www.kmaa.at\/index.php\/wp-json\/wp\/v2\/users\/1"}],"replies":[{"embeddable":true,"href":"https:\/\/www.kmaa.at\/index.php\/wp-json\/wp\/v2\/comments?post=72"}],"version-history":[{"count":3,"href":"https:\/\/www.kmaa.at\/index.php\/wp-json\/wp\/v2\/pages\/72\/revisions"}],"predecessor-version":[{"id":796,"href":"https:\/\/www.kmaa.at\/index.php\/wp-json\/wp\/v2\/pages\/72\/revisions\/796"}],"wp:attachment":[{"href":"https:\/\/www.kmaa.at\/index.php\/wp-json\/wp\/v2\/media?parent=72"}],"curies":[{"name":"wp","href":"https:\/\/api.w.org\/{rel}","templated":true}]}}